{"id":1919,"date":"2023-09-06T17:20:04","date_gmt":"2023-09-06T09:20:04","guid":{"rendered":"https:\/\/osmacanese.com\/?post_type=product&#038;p=1919"},"modified":"2025-09-09T11:59:29","modified_gmt":"2025-09-09T03:59:29","slug":"isbn9789998163201","status":"publish","type":"product","link":"https:\/\/osmacanese.com\/index.php\/product\/isbn9789998163201\/","title":{"rendered":"Camilo Pessanha&#8217;s Macau Stories"},"content":{"rendered":"<hr \/>\n<h5><span style=\"color: #ff9900;\">\u5716\u66f8\u7c21\u4ecb<\/span><\/h5>\n<p style=\"font-weight: 400;\">\u5e87\u5c71\u8036\uff08<em>Camilo Pessanha<\/em>\uff09\u4e0d\u662f\u4e00\u500b\u7121\u751f\u547d\u7684\u5730\u6a19\uff0c\u800c\u662f\u4e00\u500b\u6d3b\u751f\u751f\u7684\u898b\u8b49\u8005\uff0c\u4ed6\u898b\u8b49\u4e86\u6fb3\u9580\u7684\u6b77\u53f2\u6642\u523b\u3002<\/p>\n<p style=\"font-weight: 400;\">\u4f5c\u8005\u6839\u64da\u5e87\u5c71\u8036\u66ab\u5c45\u6fb3\u9580\u7684\u6642\u4ee3\u80cc\u666f\u64b0\u5beb\u4e86\u9019\u672c\u6b77\u53f2\u6587\u5b78\u4f5c\u54c1\uff0c\u4ed6\u5011\u5c07\u81ea\u5df1\u7684\u60f3\u50cf\u529b\u8207\u5e87\u5c71\u8036\u7684\u6545\u4e8b\u76f8\u7d50\u5408\uff0c\u70ba\u5e87\u5c71\u8036\u5728\u6fb3\u9580\u7684\u50b3\u5947\u4e8b\u8de1\u8ce6\u4e88\u4e86\u66f4\u591a\u7684\u5167\u6db5\uff0c\u8b93\u8b80\u8005\u5f97\u4ee5\u6df1\u5165\u77ad\u89e3\u5e87\u5c71\u8036\u7684\u5167\u5fc3\u4e16\u754c\u3002\u900f\u904e\u9019\u672c\u66f8\uff0c\u8b80\u8005\u53ef\u4ee5\u5f9e\u5e87\u5c71\u8036\u7684\u65e5\u5e38\u751f\u6d3b\u3001\u5b97\u6559\u4fe1\u4ef0\u3001\u85dd\u8853\u5275\u4f5c\u3001\u5de5\u4f5c\u548c\u611b\u60c5\u7b49\u65b9\u9762\uff0c\u7d30\u7d30\u54c1\u5473\u9019\u4f4d\u6587\u5b78\u5de8\u5320\u7684\u50b3\u5947\u6545\u4e8b\u3002<\/p>\n<p style=\"font-weight: 400;\">\u900f\u904e<em>Camilo Pessanha&#8217;s Macau Stories<\/em>\uff0c\u6211\u5011\u53ef\u4ee5\u5f9e\u8c61\u5fb5\u4e3b\u7fa9\u8a69\u4eba\u5e87\u5c71\u8036\u7684\u8996\u89d2\u4f86\u63a2\u7d22\u6fb3\u9580\u9019\u5ea7\u57ce\u5e02\u7684\u7368\u7279\u98a8\u8c8c\uff0c\u5f9e\u800c\u770b\u5230\u4e00\u500b\u4e0d\u4e00\u6a23\u7684\u6fb3\u9580\u3002\u6fb3\u9580\u4f5c\u70ba\u6545\u4e8b\u821e\u53f0\uff0c\u9019\u88e1\u5c55\u793a\u4e86\u5e87\u5c71\u8036\u8207\u5404\u7a2e\u4eba\u548c\u4e8b\u4e4b\u9593\u7684\u95dc\u4fc2\u3002\u6b64\u5916\uff0c\u66f8\u4e2d\u9084\u5c55\u793a\u4e86\u5e87\u5c71\u8036\u5728\u6fb3\u9580\u7684\u751f\u6d3b\u9ede\u6ef4\uff0c\u4ee5\u53ca\u4ed6\u5728\u9019\u500b\u57ce\u5e02\u4e2d\u6240\u9762\u81e8\u7684\u7a2e\u7a2e\u6311\u6230\u548c\u56f0\u60d1\u3002\u9019\u4e9b\u63cf\u5beb\u4f7f\u8b80\u8005\u80fd\u5920\u66f4\u597d\u5730\u7406\u89e3\u5e87\u5c71\u8036\u7684\u5167\u5fc3\u548c\u7576\u6642\u7684\u793e\u6703\u6c1b\u570d\u3002\u9019\u672c\u66f8\u901a\u904e\u63cf\u8ff0\u5e87\u5c71\u8036\u8207\u6fb3\u9580\u7684\u7a2e\u7a2e\u4ea4\u7e54\uff0c\u5c55\u793a\u4e86\u6fb3\u9580\u4f5c\u70ba\u4e00\u500b\u591a\u5143\u6587\u5316\u4ea4\u532f\u8655\u7684\u9b45\u529b\uff0c\u8b93\u8b80\u8005\u5c0d\u9019\u4f4d\u8a69\u4eba\u548c\u9019\u5ea7\u57ce\u5e02\u6709\u4e86\u66f4\u5168\u9762\u7684\u8a8d\u8b58\u3002<\/p>\n<p style=\"font-weight: 400;\">The author wrote this historical literary work based on the era in which the stories took place. By combining his imagination with the stories of Camilo Pessanha, he enhanced the depth of the stories, allowing readers to gain a better understanding of Camilo Pessanha&#8217;s inner world. In this book, readers can understand the legendary story of this literary giant through Camilo Pessanha&#8217;s daily life, religious beliefs, artistic creations, work, and love. Through <em>Camilo Pessanha&#8217;s Macau Stories<\/em>, we can explore the unique character of this city from the perspective of Macau&#8217;s symbolist poet, Camilo Pessanha, and see a different side of Macau. These descriptions allow readers to better understand Camilo Pessanha&#8217;s inner world and the social atmosphere of that time. By depicting the intertwining of Camilo Pessanha and Macau, this book showcases the charm of Macau as a melting pot of diverse cultures, providing readers with a comprehensive understanding of both the poet and the city.<\/p>\n<hr \/>\n<h5><span style=\"color: #ff9900;\">\u4f5c\u8005\u4ecb\u7d39<\/span><\/h5>\n<p style=\"font-weight: 400;\">Christopher Chu<br \/>\nChristopher Chu is originally from New York. He double majored in ecnomics and psychology from Pitzer College in Claremont, California. Christopher also holds a MPhil from the University of Cambridge, reading at the Faculty of Oriental Studies. Christopher often likes to share that Ian Fleming\u2019s James Bond character also studied at the same faculty.<\/p>\n<p style=\"font-weight: 400;\">Pui Man Hoi<br \/>\n<span style=\"font-weight: 400;\">Pui Man Hoi is an Associate Professor at the University of Macau. Born and raised in Macau, Maggie studied Pharmacology at the University College London( UCL). Maggie also holds a PhD from the University of Cambridge and reminds Christopher to<\/span><span lang=\"EN-US\">\u00a0stop telling everyone that he and James Bond would have the same theoretical degree.<\/span><\/p>\n<hr \/>\n<h5><span style=\"color: #ff9900;\">\u5716\u66f8\u76ee\u9304<\/span><\/h5>\n<p style=\"font-weight: 400;\"><em>Introduction<br \/>\n<\/em><em>Cast of Characters<br \/>\n<\/em><em>Mentioned Landmarks<br \/>\n<\/em><em>Map of Macau<\/em><\/p>\n<p style=\"font-weight: 400; padding-left: 40px;\">1. Exiled<br \/>\n2. A different world<br \/>\n3. You\u2019ve got mail<br \/>\n4. My Confession: Eye catching<br \/>\n5. Hong Kong truths<br \/>\n6. My Confession: Family affairs<br \/>\n7. Identity crisis, 1898<br \/>\n8. Friendly enemies<br \/>\n9. My Confession: Better than revenge<br \/>\n10. Camilo\u2019s women<br \/>\n11. What\u2019s in a name?<br \/>\n12. The pirate king<br \/>\n13. My Confession: The Guild<br \/>\n14. Muddy waters<br \/>\n15. Sun Yat-sen\u2019s Macau<br \/>\n16. Chinese art<br \/>\n17. Stories of the past<br \/>\n18. My Confession: Life after<br \/>\n19. Irony<br \/>\n20. My Final Confession: What really matters<\/p>\n<p style=\"font-weight: 400;\">Timeline<br \/>\nBibliography<br \/>\nIllustration References &amp; Additional Notes<br \/>\nIndex<\/p>\n<hr \/>\n<h5><span style=\"color: #ff9900;\">\u5ef6\u4f38\u95b1\u8b80<\/span><\/h5>\n<p><a href=\"https:\/\/osmacanese.com\/index.php\/interview\/news202309061300\/\">\u3010Hoje Macao\u3011Christopher Chu e Maggie Pui Man Hoi, autores de Camilo Pessanha\u2019s Macau Stories: \u201cMacau est\u00e1 no centro de muita ac\u00e7\u00e3o\u201d<\/a><\/p>\n<p><a href=\"https:\/\/osmacanese.com\/index.php\/interview\/news202309081445\/\">\u3010Ponto Final\u3011\u201cCamilo Pessanha\u2019s Macau Stories\u201d, livro de Christopher Chu e Maggie Hoi, lan\u00e7ado esta semana<\/a><\/p>\n<p><a href=\"https:\/\/osmacanese.com\/index.php\/interview\/news202309081450\/\">\u3010The Macao News\u3011Local poet Camilo Pessanha is the subject of a new biographical work<\/a><\/p>\n<p><a href=\"https:\/\/osmacanese.com\/index.php\/interview\/news202309081455\/\">\u3010Macau Daily Times\u3011NEW ENGLISH BOOK DOCUMENTS PORTUGUESE POET PESSANHA<\/a><\/p>\n<p><a href=\"https:\/\/osmacanese.com\/index.php\/interview\/news202310201800\/\">\u3010The Macau Post Daily\u3011Writing Macau in English: Why We Chose A Local Publisher<\/a><\/p>\n<p><a href=\"https:\/\/osmacanese.com\/index.php\/interview\/news202311161715\/\">\u3010South China Morning Post\u3011Diversified development in Macao presents plenty of opportunities for international talents to thrive<\/a><\/p>\n<p><a href=\"https:\/\/osmacanese.com\/index.php\/post20230906\/\">\u51fa\u7248\u624b\u8a18\uff5c\u5f9e\u798f\u9686\u65b0\u8857\u5beb\u5230\u5e87\u5c71\u8036<\/a><\/p>\n<p><a href=\"https:\/\/www.ejinsight.com\/eji\/article\/id\/4190057\/250907-Learning-Macau%E2%80%99s-History-By-Seeing-Landmarks-and-Eating-The-Food\"><span style=\"font-size: 1rem;\">\u3010EJ Insight\u3011Learning Macau\u2019s History By Seeing Landmarks and Eating The Food<\/span><\/a><\/p>\n","protected":false},"excerpt":{"rendered":"<p style=\"font-weight: 400;\">ISBN 978-99981-63-20-1<br \/>\n\u51fa \u00a0 \u00a0 \u00a0 \u7248\uff1a\u6fb3\u9580\u4eba\u51fa\u7248\u6709\u9650\u516c\u53f8<br \/>\n\u4f5c \u00a0 \u00a0 \u00a0 \u8005\uff1aChristopher Chu, Pui Man Hoi<br \/>\n<span style=\"font-weight: 400;\">\u51fa\u7248\u65e5\u671f\uff1a2023\u5e749\u6708<\/span><\/p>\n","protected":false},"featured_media":1921,"template":"","meta":[],"product_brand":[],"product_cat":[41,30],"product_tag":[],"class_list":{"0":"post-1919","1":"product","2":"type-product","3":"status-publish","4":"has-post-thumbnail","6":"product_cat-history-and-geography","7":"product_cat-language-and-literature","9":"first","10":"instock","11":"shipping-taxable","12":"purchasable","13":"product-type-simple"},"yoast_head":"<!-- This site is optimized with the Yoast SEO plugin v27.3 - https:\/\/yoast.com\/product\/yoast-seo-wordpress\/ -->\n<title>Camilo Pessanha&#039;s Macau Stories - \u6fb3\u9580\u4eba\u51fa\u7248\u793e<\/title>\n<meta name=\"description\" content=\"\u4f5c\u8005\u6839\u64da\u5e87\u5c71\u8036\u66ab\u5c45\u6fb3\u9580\u7684\u6642\u4ee3\u80cc\u666f\u64b0\u5beb\u4e86\u9019\u672c\u6b77\u53f2\u6587\u5b78\u4f5c\u54c1\uff0c\u4ed6\u5011\u5c07\u81ea\u5df1\u7684\u60f3\u50cf\u529b\u8207\u5e87\u5c71\u8036\u7684\u6545\u4e8b\u76f8\u7d50\u5408\uff0c\u70ba\u5e87\u5c71\u8036\u5728\u6fb3\u9580\u7684\u50b3\u5947\u4e8b\u8de1\u8ce6\u4e88\u4e86\u66f4\u591a\u7684\u5167\u6db5\uff0c\u8b93\u8b80\u8005\u5f97\u4ee5\u6df1\u5165\u77ad\u89e3\u5e87\u5c71\u8036\u7684\u5167\u5fc3\u4e16\u754c\u3002\u900f\u904e\u9019\u672c\u66f8\uff0c\u8b80\u8005\u53ef\u4ee5\u5f9e\u5e87\u5c71\u8036\u7684\u65e5\u5e38\u751f\u6d3b\u3001\u5b97\u6559\u4fe1\u4ef0\u3001\u85dd\u8853\u5275\u4f5c\u3001\u5de5\u4f5c\u548c\u611b\u60c5\u7b49\u65b9\u9762\uff0c\u7d30\u7d30\u54c1\u5473\u9019\u4f4d\u6587\u5b78\u5de8\u5320\u7684\u50b3\u5947\u6545\u4e8b\u3002\" \/>\n<meta name=\"robots\" content=\"index, follow, max-snippet:-1, max-image-preview:large, max-video-preview:-1\" \/>\n<link rel=\"canonical\" href=\"https:\/\/osmacanese.com\/index.php\/product\/isbn9789998163201\/\" \/>\n<meta property=\"og:locale\" content=\"zh_TW\" \/>\n<meta property=\"og:type\" content=\"article\" \/>\n<meta property=\"og:title\" content=\"Camilo Pessanha&#039;s Macau Stories - \u6fb3\u9580\u4eba\u51fa\u7248\u793e\" \/>\n<meta property=\"og:description\" content=\"\u4f5c\u8005\u6839\u64da\u5e87\u5c71\u8036\u66ab\u5c45\u6fb3\u9580\u7684\u6642\u4ee3\u80cc\u666f\u64b0\u5beb\u4e86\u9019\u672c\u6b77\u53f2\u6587\u5b78\u4f5c\u54c1\uff0c\u4ed6\u5011\u5c07\u81ea\u5df1\u7684\u60f3\u50cf\u529b\u8207\u5e87\u5c71\u8036\u7684\u6545\u4e8b\u76f8\u7d50\u5408\uff0c\u70ba\u5e87\u5c71\u8036\u5728\u6fb3\u9580\u7684\u50b3\u5947\u4e8b\u8de1\u8ce6\u4e88\u4e86\u66f4\u591a\u7684\u5167\u6db5\uff0c\u8b93\u8b80\u8005\u5f97\u4ee5\u6df1\u5165\u77ad\u89e3\u5e87\u5c71\u8036\u7684\u5167\u5fc3\u4e16\u754c\u3002\u900f\u904e\u9019\u672c\u66f8\uff0c\u8b80\u8005\u53ef\u4ee5\u5f9e\u5e87\u5c71\u8036\u7684\u65e5\u5e38\u751f\u6d3b\u3001\u5b97\u6559\u4fe1\u4ef0\u3001\u85dd\u8853\u5275\u4f5c\u3001\u5de5\u4f5c\u548c\u611b\u60c5\u7b49\u65b9\u9762\uff0c\u7d30\u7d30\u54c1\u5473\u9019\u4f4d\u6587\u5b78\u5de8\u5320\u7684\u50b3\u5947\u6545\u4e8b\u3002\" \/>\n<meta property=\"og:url\" content=\"https:\/\/osmacanese.com\/index.php\/product\/isbn9789998163201\/\" \/>\n<meta property=\"og:site_name\" content=\"\u6fb3\u9580\u4eba\u51fa\u7248\u793e\" \/>\n<meta property=\"article:publisher\" content=\"https:\/\/www.facebook.com\/MacanesePublishing\" \/>\n<meta property=\"article:modified_time\" content=\"2025-09-09T03:59:29+00:00\" \/>\n<meta property=\"og:image\" content=\"https:\/\/osmacanese.com\/wp-content\/uploads\/2024\/06\/CamiloPessanha.png\" \/>\n\t<meta property=\"og:image:width\" content=\"1668\" \/>\n\t<meta property=\"og:image:height\" content=\"1668\" \/>\n\t<meta property=\"og:image:type\" content=\"image\/png\" \/>\n<meta name=\"twitter:card\" content=\"summary_large_image\" \/>\n<meta name=\"twitter:label1\" content=\"\u9810\u4f30\u95b1\u8b80\u6642\u9593\" \/>\n\t<meta name=\"twitter:data1\" content=\"3 \u5206\u9418\" \/>\n<script type=\"application\/ld+json\" class=\"yoast-schema-graph\">{\"@context\":\"https:\\\/\\\/schema.org\",\"@graph\":[{\"@type\":\"WebPage\",\"@id\":\"https:\\\/\\\/osmacanese.com\\\/index.php\\\/product\\\/isbn9789998163201\\\/\",\"url\":\"https:\\\/\\\/osmacanese.com\\\/index.php\\\/product\\\/isbn9789998163201\\\/\",\"name\":\"Camilo Pessanha's Macau Stories - \u6fb3\u9580\u4eba\u51fa\u7248\u793e\",\"isPartOf\":{\"@id\":\"https:\\\/\\\/osmacanese.com\\\/#website\"},\"primaryImageOfPage\":{\"@id\":\"https:\\\/\\\/osmacanese.com\\\/index.php\\\/product\\\/isbn9789998163201\\\/#primaryimage\"},\"image\":{\"@id\":\"https:\\\/\\\/osmacanese.com\\\/index.php\\\/product\\\/isbn9789998163201\\\/#primaryimage\"},\"thumbnailUrl\":\"https:\\\/\\\/osmacanese.com\\\/wp-content\\\/uploads\\\/2024\\\/06\\\/CamiloPessanha.png\",\"datePublished\":\"2023-09-06T09:20:04+00:00\",\"dateModified\":\"2025-09-09T03:59:29+00:00\",\"description\":\"\u4f5c\u8005\u6839\u64da\u5e87\u5c71\u8036\u66ab\u5c45\u6fb3\u9580\u7684\u6642\u4ee3\u80cc\u666f\u64b0\u5beb\u4e86\u9019\u672c\u6b77\u53f2\u6587\u5b78\u4f5c\u54c1\uff0c\u4ed6\u5011\u5c07\u81ea\u5df1\u7684\u60f3\u50cf\u529b\u8207\u5e87\u5c71\u8036\u7684\u6545\u4e8b\u76f8\u7d50\u5408\uff0c\u70ba\u5e87\u5c71\u8036\u5728\u6fb3\u9580\u7684\u50b3\u5947\u4e8b\u8de1\u8ce6\u4e88\u4e86\u66f4\u591a\u7684\u5167\u6db5\uff0c\u8b93\u8b80\u8005\u5f97\u4ee5\u6df1\u5165\u77ad\u89e3\u5e87\u5c71\u8036\u7684\u5167\u5fc3\u4e16\u754c\u3002\u900f\u904e\u9019\u672c\u66f8\uff0c\u8b80\u8005\u53ef\u4ee5\u5f9e\u5e87\u5c71\u8036\u7684\u65e5\u5e38\u751f\u6d3b\u3001\u5b97\u6559\u4fe1\u4ef0\u3001\u85dd\u8853\u5275\u4f5c\u3001\u5de5\u4f5c\u548c\u611b\u60c5\u7b49\u65b9\u9762\uff0c\u7d30\u7d30\u54c1\u5473\u9019\u4f4d\u6587\u5b78\u5de8\u5320\u7684\u50b3\u5947\u6545\u4e8b\u3002\",\"breadcrumb\":{\"@id\":\"https:\\\/\\\/osmacanese.com\\\/index.php\\\/product\\\/isbn9789998163201\\\/#breadcrumb\"},\"inLanguage\":\"zh-TW\",\"potentialAction\":[{\"@type\":\"ReadAction\",\"target\":[\"https:\\\/\\\/osmacanese.com\\\/index.php\\\/product\\\/isbn9789998163201\\\/\"]}]},{\"@type\":\"ImageObject\",\"inLanguage\":\"zh-TW\",\"@id\":\"https:\\\/\\\/osmacanese.com\\\/index.php\\\/product\\\/isbn9789998163201\\\/#primaryimage\",\"url\":\"https:\\\/\\\/osmacanese.com\\\/wp-content\\\/uploads\\\/2024\\\/06\\\/CamiloPessanha.png\",\"contentUrl\":\"https:\\\/\\\/osmacanese.com\\\/wp-content\\\/uploads\\\/2024\\\/06\\\/CamiloPessanha.png\",\"width\":1668,\"height\":1668},{\"@type\":\"BreadcrumbList\",\"@id\":\"https:\\\/\\\/osmacanese.com\\\/index.php\\\/product\\\/isbn9789998163201\\\/#breadcrumb\",\"itemListElement\":[{\"@type\":\"ListItem\",\"position\":1,\"name\":\"\u9996\u9801\",\"item\":\"https:\\\/\\\/osmacanese.com\\\/\"},{\"@type\":\"ListItem\",\"position\":2,\"name\":\"\u5716\u66f8\u66f8\u57ce\",\"item\":\"https:\\\/\\\/osmacanese.com\\\/index.php\\\/shop\\\/\"},{\"@type\":\"ListItem\",\"position\":3,\"name\":\"\u8a9e\u8a00\u6587\u5b78\u985e\",\"item\":\"https:\\\/\\\/osmacanese.com\\\/index.php\\\/product-category\\\/language-and-literature\\\/\"},{\"@type\":\"ListItem\",\"position\":4,\"name\":\"Camilo Pessanha&#8217;s Macau Stories\"}]},{\"@type\":\"WebSite\",\"@id\":\"https:\\\/\\\/osmacanese.com\\\/#website\",\"url\":\"https:\\\/\\\/osmacanese.com\\\/\",\"name\":\"\u6fb3\u9580\u4eba\u51fa\u7248\u793e\",\"description\":\"\u5b98\u65b9\u7db2\u7ad9\",\"publisher\":{\"@id\":\"https:\\\/\\\/osmacanese.com\\\/#organization\"},\"potentialAction\":[{\"@type\":\"SearchAction\",\"target\":{\"@type\":\"EntryPoint\",\"urlTemplate\":\"https:\\\/\\\/osmacanese.com\\\/?s={search_term_string}\"},\"query-input\":{\"@type\":\"PropertyValueSpecification\",\"valueRequired\":true,\"valueName\":\"search_term_string\"}}],\"inLanguage\":\"zh-TW\"},{\"@type\":\"Organization\",\"@id\":\"https:\\\/\\\/osmacanese.com\\\/#organization\",\"name\":\"\u6fb3\u9580\u4eba\u51fa\u7248\u793e\",\"alternateName\":\"\u6fb3\u9580\u51fa\u7248\",\"url\":\"https:\\\/\\\/osmacanese.com\\\/\",\"logo\":{\"@type\":\"ImageObject\",\"inLanguage\":\"zh-TW\",\"@id\":\"https:\\\/\\\/osmacanese.com\\\/#\\\/schema\\\/logo\\\/image\\\/\",\"url\":\"https:\\\/\\\/osmacanese.com\\\/wp-content\\\/uploads\\\/2022\\\/11\\\/\u51fa\u7248\u793eLOGO-01.png\",\"contentUrl\":\"https:\\\/\\\/osmacanese.com\\\/wp-content\\\/uploads\\\/2022\\\/11\\\/\u51fa\u7248\u793eLOGO-01.png\",\"width\":1042,\"height\":250,\"caption\":\"\u6fb3\u9580\u4eba\u51fa\u7248\u793e\"},\"image\":{\"@id\":\"https:\\\/\\\/osmacanese.com\\\/#\\\/schema\\\/logo\\\/image\\\/\"},\"sameAs\":[\"https:\\\/\\\/www.facebook.com\\\/MacanesePublishing\"]}]}<\/script>\n<!-- \/ Yoast SEO plugin. -->","yoast_head_json":{"title":"Camilo Pessanha's Macau Stories - \u6fb3\u9580\u4eba\u51fa\u7248\u793e","description":"\u4f5c\u8005\u6839\u64da\u5e87\u5c71\u8036\u66ab\u5c45\u6fb3\u9580\u7684\u6642\u4ee3\u80cc\u666f\u64b0\u5beb\u4e86\u9019\u672c\u6b77\u53f2\u6587\u5b78\u4f5c\u54c1\uff0c\u4ed6\u5011\u5c07\u81ea\u5df1\u7684\u60f3\u50cf\u529b\u8207\u5e87\u5c71\u8036\u7684\u6545\u4e8b\u76f8\u7d50\u5408\uff0c\u70ba\u5e87\u5c71\u8036\u5728\u6fb3\u9580\u7684\u50b3\u5947\u4e8b\u8de1\u8ce6\u4e88\u4e86\u66f4\u591a\u7684\u5167\u6db5\uff0c\u8b93\u8b80\u8005\u5f97\u4ee5\u6df1\u5165\u77ad\u89e3\u5e87\u5c71\u8036\u7684\u5167\u5fc3\u4e16\u754c\u3002\u900f\u904e\u9019\u672c\u66f8\uff0c\u8b80\u8005\u53ef\u4ee5\u5f9e\u5e87\u5c71\u8036\u7684\u65e5\u5e38\u751f\u6d3b\u3001\u5b97\u6559\u4fe1\u4ef0\u3001\u85dd\u8853\u5275\u4f5c\u3001\u5de5\u4f5c\u548c\u611b\u60c5\u7b49\u65b9\u9762\uff0c\u7d30\u7d30\u54c1\u5473\u9019\u4f4d\u6587\u5b78\u5de8\u5320\u7684\u50b3\u5947\u6545\u4e8b\u3002","robots":{"index":"index","follow":"follow","max-snippet":"max-snippet:-1","max-image-preview":"max-image-preview:large","max-video-preview":"max-video-preview:-1"},"canonical":"https:\/\/osmacanese.com\/index.php\/product\/isbn9789998163201\/","og_locale":"zh_TW","og_type":"article","og_title":"Camilo Pessanha's Macau Stories - \u6fb3\u9580\u4eba\u51fa\u7248\u793e","og_description":"\u4f5c\u8005\u6839\u64da\u5e87\u5c71\u8036\u66ab\u5c45\u6fb3\u9580\u7684\u6642\u4ee3\u80cc\u666f\u64b0\u5beb\u4e86\u9019\u672c\u6b77\u53f2\u6587\u5b78\u4f5c\u54c1\uff0c\u4ed6\u5011\u5c07\u81ea\u5df1\u7684\u60f3\u50cf\u529b\u8207\u5e87\u5c71\u8036\u7684\u6545\u4e8b\u76f8\u7d50\u5408\uff0c\u70ba\u5e87\u5c71\u8036\u5728\u6fb3\u9580\u7684\u50b3\u5947\u4e8b\u8de1\u8ce6\u4e88\u4e86\u66f4\u591a\u7684\u5167\u6db5\uff0c\u8b93\u8b80\u8005\u5f97\u4ee5\u6df1\u5165\u77ad\u89e3\u5e87\u5c71\u8036\u7684\u5167\u5fc3\u4e16\u754c\u3002\u900f\u904e\u9019\u672c\u66f8\uff0c\u8b80\u8005\u53ef\u4ee5\u5f9e\u5e87\u5c71\u8036\u7684\u65e5\u5e38\u751f\u6d3b\u3001\u5b97\u6559\u4fe1\u4ef0\u3001\u85dd\u8853\u5275\u4f5c\u3001\u5de5\u4f5c\u548c\u611b\u60c5\u7b49\u65b9\u9762\uff0c\u7d30\u7d30\u54c1\u5473\u9019\u4f4d\u6587\u5b78\u5de8\u5320\u7684\u50b3\u5947\u6545\u4e8b\u3002","og_url":"https:\/\/osmacanese.com\/index.php\/product\/isbn9789998163201\/","og_site_name":"\u6fb3\u9580\u4eba\u51fa\u7248\u793e","article_publisher":"https:\/\/www.facebook.com\/MacanesePublishing","article_modified_time":"2025-09-09T03:59:29+00:00","og_image":[{"width":1668,"height":1668,"url":"https:\/\/osmacanese.com\/wp-content\/uploads\/2024\/06\/CamiloPessanha.png","type":"image\/png"}],"twitter_card":"summary_large_image","twitter_misc":{"\u9810\u4f30\u95b1\u8b80\u6642\u9593":"3 \u5206\u9418"},"schema":{"@context":"https:\/\/schema.org","@graph":[{"@type":"WebPage","@id":"https:\/\/osmacanese.com\/index.php\/product\/isbn9789998163201\/","url":"https:\/\/osmacanese.com\/index.php\/product\/isbn9789998163201\/","name":"Camilo Pessanha's Macau Stories - \u6fb3\u9580\u4eba\u51fa\u7248\u793e","isPartOf":{"@id":"https:\/\/osmacanese.com\/#website"},"primaryImageOfPage":{"@id":"https:\/\/osmacanese.com\/index.php\/product\/isbn9789998163201\/#primaryimage"},"image":{"@id":"https:\/\/osmacanese.com\/index.php\/product\/isbn9789998163201\/#primaryimage"},"thumbnailUrl":"https:\/\/osmacanese.com\/wp-content\/uploads\/2024\/06\/CamiloPessanha.png","datePublished":"2023-09-06T09:20:04+00:00","dateModified":"2025-09-09T03:59:29+00:00","description":"\u4f5c\u8005\u6839\u64da\u5e87\u5c71\u8036\u66ab\u5c45\u6fb3\u9580\u7684\u6642\u4ee3\u80cc\u666f\u64b0\u5beb\u4e86\u9019\u672c\u6b77\u53f2\u6587\u5b78\u4f5c\u54c1\uff0c\u4ed6\u5011\u5c07\u81ea\u5df1\u7684\u60f3\u50cf\u529b\u8207\u5e87\u5c71\u8036\u7684\u6545\u4e8b\u76f8\u7d50\u5408\uff0c\u70ba\u5e87\u5c71\u8036\u5728\u6fb3\u9580\u7684\u50b3\u5947\u4e8b\u8de1\u8ce6\u4e88\u4e86\u66f4\u591a\u7684\u5167\u6db5\uff0c\u8b93\u8b80\u8005\u5f97\u4ee5\u6df1\u5165\u77ad\u89e3\u5e87\u5c71\u8036\u7684\u5167\u5fc3\u4e16\u754c\u3002\u900f\u904e\u9019\u672c\u66f8\uff0c\u8b80\u8005\u53ef\u4ee5\u5f9e\u5e87\u5c71\u8036\u7684\u65e5\u5e38\u751f\u6d3b\u3001\u5b97\u6559\u4fe1\u4ef0\u3001\u85dd\u8853\u5275\u4f5c\u3001\u5de5\u4f5c\u548c\u611b\u60c5\u7b49\u65b9\u9762\uff0c\u7d30\u7d30\u54c1\u5473\u9019\u4f4d\u6587\u5b78\u5de8\u5320\u7684\u50b3\u5947\u6545\u4e8b\u3002","breadcrumb":{"@id":"https:\/\/osmacanese.com\/index.php\/product\/isbn9789998163201\/#breadcrumb"},"inLanguage":"zh-TW","potentialAction":[{"@type":"ReadAction","target":["https:\/\/osmacanese.com\/index.php\/product\/isbn9789998163201\/"]}]},{"@type":"ImageObject","inLanguage":"zh-TW","@id":"https:\/\/osmacanese.com\/index.php\/product\/isbn9789998163201\/#primaryimage","url":"https:\/\/osmacanese.com\/wp-content\/uploads\/2024\/06\/CamiloPessanha.png","contentUrl":"https:\/\/osmacanese.com\/wp-content\/uploads\/2024\/06\/CamiloPessanha.png","width":1668,"height":1668},{"@type":"BreadcrumbList","@id":"https:\/\/osmacanese.com\/index.php\/product\/isbn9789998163201\/#breadcrumb","itemListElement":[{"@type":"ListItem","position":1,"name":"\u9996\u9801","item":"https:\/\/osmacanese.com\/"},{"@type":"ListItem","position":2,"name":"\u5716\u66f8\u66f8\u57ce","item":"https:\/\/osmacanese.com\/index.php\/shop\/"},{"@type":"ListItem","position":3,"name":"\u8a9e\u8a00\u6587\u5b78\u985e","item":"https:\/\/osmacanese.com\/index.php\/product-category\/language-and-literature\/"},{"@type":"ListItem","position":4,"name":"Camilo Pessanha&#8217;s Macau Stories"}]},{"@type":"WebSite","@id":"https:\/\/osmacanese.com\/#website","url":"https:\/\/osmacanese.com\/","name":"\u6fb3\u9580\u4eba\u51fa\u7248\u793e","description":"\u5b98\u65b9\u7db2\u7ad9","publisher":{"@id":"https:\/\/osmacanese.com\/#organization"},"potentialAction":[{"@type":"SearchAction","target":{"@type":"EntryPoint","urlTemplate":"https:\/\/osmacanese.com\/?s={search_term_string}"},"query-input":{"@type":"PropertyValueSpecification","valueRequired":true,"valueName":"search_term_string"}}],"inLanguage":"zh-TW"},{"@type":"Organization","@id":"https:\/\/osmacanese.com\/#organization","name":"\u6fb3\u9580\u4eba\u51fa\u7248\u793e","alternateName":"\u6fb3\u9580\u51fa\u7248","url":"https:\/\/osmacanese.com\/","logo":{"@type":"ImageObject","inLanguage":"zh-TW","@id":"https:\/\/osmacanese.com\/#\/schema\/logo\/image\/","url":"https:\/\/osmacanese.com\/wp-content\/uploads\/2022\/11\/\u51fa\u7248\u793eLOGO-01.png","contentUrl":"https:\/\/osmacanese.com\/wp-content\/uploads\/2022\/11\/\u51fa\u7248\u793eLOGO-01.png","width":1042,"height":250,"caption":"\u6fb3\u9580\u4eba\u51fa\u7248\u793e"},"image":{"@id":"https:\/\/osmacanese.com\/#\/schema\/logo\/image\/"},"sameAs":["https:\/\/www.facebook.com\/MacanesePublishing"]}]}},"_links":{"self":[{"href":"https:\/\/osmacanese.com\/index.php\/wp-json\/wp\/v2\/product\/1919","targetHints":{"allow":["GET"]}}],"collection":[{"href":"https:\/\/osmacanese.com\/index.php\/wp-json\/wp\/v2\/product"}],"about":[{"href":"https:\/\/osmacanese.com\/index.php\/wp-json\/wp\/v2\/types\/product"}],"wp:featuredmedia":[{"embeddable":true,"href":"https:\/\/osmacanese.com\/index.php\/wp-json\/wp\/v2\/media\/1921"}],"wp:attachment":[{"href":"https:\/\/osmacanese.com\/index.php\/wp-json\/wp\/v2\/media?parent=1919"}],"wp:term":[{"taxonomy":"product_brand","embeddable":true,"href":"https:\/\/osmacanese.com\/index.php\/wp-json\/wp\/v2\/product_brand?post=1919"},{"taxonomy":"product_cat","embeddable":true,"href":"https:\/\/osmacanese.com\/index.php\/wp-json\/wp\/v2\/product_cat?post=1919"},{"taxonomy":"product_tag","embeddable":true,"href":"https:\/\/osmacanese.com\/index.php\/wp-json\/wp\/v2\/product_tag?post=1919"}],"curies":[{"name":"wp","href":"https:\/\/api.w.org\/{rel}","templated":true}]}}